{"id":67,"date":"2023-02-22T12:23:41","date_gmt":"2023-02-22T12:23:41","guid":{"rendered":"http:\/\/thebeatfreaks.pl\/?page_id=67"},"modified":"2025-02-28T01:02:43","modified_gmt":"2025-02-28T01:02:43","slug":"muzyka","status":"publish","type":"page","link":"https:\/\/thebeatfreaks.pl\/index.php\/muzyka\/","title":{"rendered":"Muzyka"},"content":{"rendered":"\t\t<div data-elementor-type=\"wp-page\" data-elementor-id=\"67\" class=\"elementor elementor-67\">\n\t\t\t\t\t\t<section class=\"elementor-section elementor-top-section elementor-element elementor-element-350f184 elementor-section-stretched elementor-section-boxed elementor-section-height-default elementor-section-height-default\" data-id=\"350f184\" data-element_type=\"section\" data-e-type=\"section\" data-settings=\"{&quot;stretch_section&quot;:&quot;section-stretched&quot;,&quot;background_background&quot;:&quot;classic&quot;}\">\n\t\t\t\t\t\t<div class=\"elementor-container elementor-column-gap-wider\">\n\t\t\t\t\t<div class=\"elementor-column elementor-col-50 elementor-top-column elementor-element elementor-element-22e1bb4\" data-id=\"22e1bb4\" data-element_type=\"column\" data-e-type=\"column\">\n\t\t\t<div class=\"elementor-widget-wrap elementor-element-populated\">\n\t\t\t\t\t\t<div class=\"elementor-element elementor-element-5e13179 elementor-widget elementor-widget-image\" data-id=\"5e13179\" data-element_type=\"widget\" data-e-type=\"widget\" data-widget_type=\"image.default\">\n\t\t\t\t<div class=\"elementor-widget-container\">\n\t\t\t\t\t\t\t\t\t\t\t\t<figure class=\"wp-caption\">\n\t\t\t\t\t\t\t\t\t\t\t<a href=\"https:\/\/thebeatfreaks.pl\/index.php\/mechanics\/\">\n\t\t\t\t\t\t\t<img fetchpriority=\"high\" decoding=\"async\" width=\"300\" height=\"262\" src=\"https:\/\/thebeatfreaks.pl\/wp-content\/uploads\/2025\/02\/Okladka_TBF_Mechanics-300x262.jpg\" class=\"attachment-medium size-medium wp-image-14589\" alt=\"\" srcset=\"https:\/\/thebeatfreaks.pl\/wp-content\/uploads\/2025\/02\/Okladka_TBF_Mechanics-300x262.jpg 300w, https:\/\/thebeatfreaks.pl\/wp-content\/uploads\/2025\/02\/Okladka_TBF_Mechanics-1024x896.jpg 1024w, https:\/\/thebeatfreaks.pl\/wp-content\/uploads\/2025\/02\/Okladka_TBF_Mechanics.jpg 1500w\" sizes=\"100vw\" \/>\t\t\t\t\t\t\t\t<\/a>\n\t\t\t\t\t\t\t\t\t\t\t<figcaption class=\"widget-image-caption wp-caption-text\">MECHANICS OF NATURE (2024)<\/figcaption>\n\t\t\t\t\t\t\t\t\t\t<\/figure>\n\t\t\t\t\t\t\t\t\t<\/div>\n\t\t\t\t<\/div>\n\t\t\t\t<div class=\"elementor-element elementor-element-42e2d8b elementor-widget elementor-widget-image\" data-id=\"42e2d8b\" data-element_type=\"widget\" data-e-type=\"widget\" data-widget_type=\"image.default\">\n\t\t\t\t<div class=\"elementor-widget-container\">\n\t\t\t\t\t\t\t\t\t\t\t\t<figure class=\"wp-caption\">\n\t\t\t\t\t\t\t\t\t\t\t<a href=\"https:\/\/thebeatfreaks.pl\/index.php\/leon\/\">\n\t\t\t\t\t\t\t<img decoding=\"async\" width=\"300\" height=\"300\" src=\"https:\/\/thebeatfreaks.pl\/wp-content\/uploads\/2023\/02\/Okladka-Leon-300x300.jpeg\" class=\"attachment-medium size-medium wp-image-83\" alt=\"\" srcset=\"https:\/\/thebeatfreaks.pl\/wp-content\/uploads\/2023\/02\/Okladka-Leon-300x300.jpeg 300w, https:\/\/thebeatfreaks.pl\/wp-content\/uploads\/2023\/02\/Okladka-Leon-150x150.jpeg 150w, https:\/\/thebeatfreaks.pl\/wp-content\/uploads\/2023\/02\/Okladka-Leon-640x640.jpeg 640w, https:\/\/thebeatfreaks.pl\/wp-content\/uploads\/2023\/02\/Okladka-Leon-50x50.jpeg 50w, https:\/\/thebeatfreaks.pl\/wp-content\/uploads\/2023\/02\/Okladka-Leon.jpeg 700w\" sizes=\"100vw\" \/>\t\t\t\t\t\t\t\t<\/a>\n\t\t\t\t\t\t\t\t\t\t\t<figcaption class=\"widget-image-caption wp-caption-text\">LEON (2016)<\/figcaption>\n\t\t\t\t\t\t\t\t\t\t<\/figure>\n\t\t\t\t\t\t\t\t\t<\/div>\n\t\t\t\t<\/div>\n\t\t\t\t\t<\/div>\n\t\t<\/div>\n\t\t\t\t<div class=\"elementor-column elementor-col-50 elementor-top-column elementor-element elementor-element-6370724\" data-id=\"6370724\" data-element_type=\"column\" data-e-type=\"column\">\n\t\t\t<div class=\"elementor-widget-wrap elementor-element-populated\">\n\t\t\t\t\t\t<div class=\"elementor-element elementor-element-8741745 elementor-widget elementor-widget-image\" data-id=\"8741745\" data-element_type=\"widget\" data-e-type=\"widget\" data-widget_type=\"image.default\">\n\t\t\t\t<div class=\"elementor-widget-container\">\n\t\t\t\t\t\t\t\t\t\t\t\t<figure class=\"wp-caption\">\n\t\t\t\t\t\t\t\t\t\t\t<a href=\"https:\/\/thebeatfreaks.pl\/index.php\/stay-calm\/\">\n\t\t\t\t\t\t\t<img decoding=\"async\" width=\"300\" height=\"300\" src=\"https:\/\/thebeatfreaks.pl\/wp-content\/uploads\/2023\/02\/Okladka-StayCalm-300x300.jpeg\" class=\"attachment-medium size-medium wp-image-84\" alt=\"\" srcset=\"https:\/\/thebeatfreaks.pl\/wp-content\/uploads\/2023\/02\/Okladka-StayCalm-300x300.jpeg 300w, https:\/\/thebeatfreaks.pl\/wp-content\/uploads\/2023\/02\/Okladka-StayCalm-150x150.jpeg 150w, https:\/\/thebeatfreaks.pl\/wp-content\/uploads\/2023\/02\/Okladka-StayCalm-640x640.jpeg 640w, https:\/\/thebeatfreaks.pl\/wp-content\/uploads\/2023\/02\/Okladka-StayCalm-50x50.jpeg 50w, https:\/\/thebeatfreaks.pl\/wp-content\/uploads\/2023\/02\/Okladka-StayCalm.jpeg 700w\" sizes=\"100vw\" \/>\t\t\t\t\t\t\t\t<\/a>\n\t\t\t\t\t\t\t\t\t\t\t<figcaption class=\"widget-image-caption wp-caption-text\">STAY CALM (2019)<\/figcaption>\n\t\t\t\t\t\t\t\t\t\t<\/figure>\n\t\t\t\t\t\t\t\t\t<\/div>\n\t\t\t\t<\/div>\n\t\t\t\t<div class=\"elementor-element elementor-element-73b3420 elementor-widget elementor-widget-image\" data-id=\"73b3420\" data-element_type=\"widget\" data-e-type=\"widget\" data-widget_type=\"image.default\">\n\t\t\t\t<div class=\"elementor-widget-container\">\n\t\t\t\t\t\t\t\t\t\t\t\t<figure class=\"wp-caption\">\n\t\t\t\t\t\t\t\t\t\t\t<a href=\"https:\/\/thebeatfreaks.pl\/index.php\/zamoyski\/\">\n\t\t\t\t\t\t\t<img loading=\"lazy\" decoding=\"async\" width=\"300\" height=\"300\" src=\"https:\/\/thebeatfreaks.pl\/wp-content\/uploads\/2023\/02\/Zrzut-ekranu-2023-02-25-o-13.43.00-300x300.png\" class=\"attachment-medium size-medium wp-image-14005\" alt=\"\" srcset=\"https:\/\/thebeatfreaks.pl\/wp-content\/uploads\/2023\/02\/Zrzut-ekranu-2023-02-25-o-13.43.00-300x300.png 300w, https:\/\/thebeatfreaks.pl\/wp-content\/uploads\/2023\/02\/Zrzut-ekranu-2023-02-25-o-13.43.00-150x150.png 150w, https:\/\/thebeatfreaks.pl\/wp-content\/uploads\/2023\/02\/Zrzut-ekranu-2023-02-25-o-13.43.00-180x180.png 180w, https:\/\/thebeatfreaks.pl\/wp-content\/uploads\/2023\/02\/Zrzut-ekranu-2023-02-25-o-13.43.00-50x50.png 50w, https:\/\/thebeatfreaks.pl\/wp-content\/uploads\/2023\/02\/Zrzut-ekranu-2023-02-25-o-13.43.00.png 454w\" sizes=\"100vw\" \/>\t\t\t\t\t\t\t\t<\/a>\n\t\t\t\t\t\t\t\t\t\t\t<figcaption class=\"widget-image-caption wp-caption-text\">ZAMOYSKI (2018)<\/figcaption>\n\t\t\t\t\t\t\t\t\t\t<\/figure>\n\t\t\t\t\t\t\t\t\t<\/div>\n\t\t\t\t<\/div>\n\t\t\t\t\t<\/div>\n\t\t<\/div>\n\t\t\t\t\t<\/div>\n\t\t<\/section>\n\t\t\t\t<section class=\"elementor-section elementor-top-section elementor-element elementor-element-aac62d1 elementor-section-stretched elementor-section-boxed elementor-section-height-default elementor-section-height-default\" data-id=\"aac62d1\" data-element_type=\"section\" data-e-type=\"section\" data-settings=\"{&quot;stretch_section&quot;:&quot;section-stretched&quot;,&quot;background_background&quot;:&quot;classic&quot;}\">\n\t\t\t\t\t\t<div class=\"elementor-container elementor-column-gap-default\">\n\t\t\t\t\t<div class=\"elementor-column elementor-col-100 elementor-top-column elementor-element elementor-element-67a7f03\" data-id=\"67a7f03\" data-element_type=\"column\" data-e-type=\"column\">\n\t\t\t<div class=\"elementor-widget-wrap elementor-element-populated\">\n\t\t\t\t\t\t<div class=\"elementor-element elementor-element-cb12b5c elementor-widget elementor-widget-html\" data-id=\"cb12b5c\" data-element_type=\"widget\" data-e-type=\"widget\" data-widget_type=\"html.default\">\n\t\t\t\t<div class=\"elementor-widget-container\">\n\t\t\t\t\t<iframe style=\"border-radius:12px\" src=\"https:\/\/open.spotify.com\/embed\/playlist\/3NCW8ERJE3l9mGzJCwLOiG?utm_source=generator\" width=\"100%\" height=\"352\" frameBorder=\"0\" allowfullscreen=\"\" allow=\"autoplay; clipboard-write; encrypted-media; fullscreen; picture-in-picture\" loading=\"lazy\"><\/iframe>\t\t\t\t<\/div>\n\t\t\t\t<\/div>\n\t\t\t\t\t<\/div>\n\t\t<\/div>\n\t\t\t\t\t<\/div>\n\t\t<\/section>\n\t\t\t\t<section class=\"elementor-section elementor-top-section elementor-element elementor-element-2843bf3 elementor-section-boxed elementor-section-height-default elementor-section-height-default\" data-id=\"2843bf3\" data-element_type=\"section\" data-e-type=\"section\">\n\t\t\t\t\t\t<div class=\"elementor-container elementor-column-gap-default\">\n\t\t\t\t\t<div class=\"elementor-column elementor-col-100 elementor-top-column elementor-element elementor-element-1d124bb\" data-id=\"1d124bb\" data-element_type=\"column\" data-e-type=\"column\">\n\t\t\t<div class=\"elementor-widget-wrap elementor-element-populated\">\n\t\t\t\t\t\t<section class=\"elementor-section elementor-inner-section elementor-element elementor-element-1fd1f16 elementor-section-boxed elementor-section-height-default elementor-section-height-default\" data-id=\"1fd1f16\" data-element_type=\"section\" data-e-type=\"section\">\n\t\t\t\t\t\t<div class=\"elementor-container elementor-column-gap-default\">\n\t\t\t\t\t<div class=\"elementor-column elementor-col-100 elementor-inner-column elementor-element elementor-element-a7d500f\" data-id=\"a7d500f\" data-element_type=\"column\" data-e-type=\"column\">\n\t\t\t<div class=\"elementor-widget-wrap elementor-element-populated\">\n\t\t\t\t\t\t<div class=\"elementor-element elementor-element-71cef29 elementor-widget elementor-widget-obfx-posts-grid\" data-id=\"71cef29\" data-element_type=\"widget\" data-e-type=\"widget\" data-widget_type=\"obfx-posts-grid.default\">\n\t\t\t\t<div class=\"elementor-widget-container\">\n\t\t\t\t\t<div class=\"obfx-grid\"><div class=\"obfx-grid-container obfx-grid-desktop-3\"><div class=\"obfx-grid-wrapper\"><article class=\"obfx-grid-col obfx-no-image\"><div class=\"obfx-grid-col-content\">\t\t\t<h2 class=\"entry-title obfx-grid-title\">\n\t\t\t\t\t\t\t<a href=\"https:\/\/thebeatfreaks.pl\/index.php\/2025\/02\/28\/jazzarium\/\" title=\"Jazzarium\">\n\t\t\t\t\tJazzarium\t\t\t\t<\/a>\n\t\t\t\t\t\t\t<\/h2>\n\t\t\t\t\t\t\t<div class=\"entry-meta obfx-grid-meta\">\n\n\t\t\t\t\t\t\t\t\t\t\t\t\t<span class=\"obfx-grid-author\">\n\t\t\t\t\t\t\t\t\t<i class=\"fas fa-user\"><\/i>admin\t\t\t\t\t\t\t\t<\/span>\n\t\t\t\t\t\t\t\t\t\t\t\t\t\t\t\t<span class=\"obfx-grid-date\">\n\t\t\t\t\t\t\t\t\t<i class=\"fas fa-calendar\"><\/i>02\/28\/2025\t\t\t\t\t\t\t\t<\/span>\n\t\t\t\t\t\t\t\t\n\t\t\t\t<\/div>\n\t\t\t\t\t\t\t<div class=\"entry-content obfx-grid-content\">\n\t\t\t\t\u201eMechanics of Nature\u201d to trzecia p\u0142yta prowadzonej przez gitarzyst\u0119 Micha\u0142a Starkiewicza grupy The Beat Freaks. Nagrana zosta\u0142a z go\u015bcinnym udzia\u0142em tr\u0119bacza Ralpha Alessiego. Oba poprzednie albumy zespo\u0142u by\u0142y udane i&hellip;\t\t\t<\/div>\n\t\t\t<\/div><\/article><\/div><div class=\"obfx-grid-wrapper\"><article class=\"obfx-grid-col obfx-no-image\"><div class=\"obfx-grid-col-content\">\t\t\t<h2 class=\"entry-title obfx-grid-title\">\n\t\t\t\t\t\t\t<a href=\"https:\/\/thebeatfreaks.pl\/index.php\/2025\/02\/28\/jazzword\/\" title=\"JazzWord\">\n\t\t\t\t\tJazzWord\t\t\t\t<\/a>\n\t\t\t\t\t\t\t<\/h2>\n\t\t\t\t\t\t\t<div class=\"entry-meta obfx-grid-meta\">\n\n\t\t\t\t\t\t\t\t\t\t\t\t\t<span class=\"obfx-grid-author\">\n\t\t\t\t\t\t\t\t\t<i class=\"fas fa-user\"><\/i>admin\t\t\t\t\t\t\t\t<\/span>\n\t\t\t\t\t\t\t\t\t\t\t\t\t\t\t\t<span class=\"obfx-grid-date\">\n\t\t\t\t\t\t\t\t\t<i class=\"fas fa-calendar\"><\/i>02\/28\/2025\t\t\t\t\t\t\t\t<\/span>\n\t\t\t\t\t\t\t\t\n\t\t\t\t<\/div>\n\t\t\t\t\t\t\t<div class=\"entry-content obfx-grid-content\">\n\t\t\t\tVirtuosic and inventive New York trumpeter Ralph Alessi has worked with everyone from Uri Caine to Michael Formanek as well his own bands. As the century progresses he\u2019s also become&hellip;\t\t\t<\/div>\n\t\t\t<\/div><\/article><\/div><div class=\"obfx-grid-wrapper\"><article class=\"obfx-grid-col obfx-no-image\"><div class=\"obfx-grid-col-content\">\t\t\t<h2 class=\"entry-title obfx-grid-title\">\n\t\t\t\t\t\t\t<a href=\"https:\/\/thebeatfreaks.pl\/index.php\/2025\/02\/28\/adam-baruch\/\" title=\"Adam Baruch\">\n\t\t\t\t\tAdam Baruch\t\t\t\t<\/a>\n\t\t\t\t\t\t\t<\/h2>\n\t\t\t\t\t\t\t<div class=\"entry-meta obfx-grid-meta\">\n\n\t\t\t\t\t\t\t\t\t\t\t\t\t<span class=\"obfx-grid-author\">\n\t\t\t\t\t\t\t\t\t<i class=\"fas fa-user\"><\/i>admin\t\t\t\t\t\t\t\t<\/span>\n\t\t\t\t\t\t\t\t\t\t\t\t\t\t\t\t<span class=\"obfx-grid-date\">\n\t\t\t\t\t\t\t\t\t<i class=\"fas fa-calendar\"><\/i>02\/28\/2025\t\t\t\t\t\t\t\t<\/span>\n\t\t\t\t\t\t\t\t\n\t\t\t\t<\/div>\n\t\t\t\t\t\t\t<div class=\"entry-content obfx-grid-content\">\n\t\t\t\tThis is the third album by the Polish Jazz quartet Beat Freaks, which comprises of guitarist \/ composer Michal Starkiewicz, saxophonist Tomasz Licak, (new Italian, resident in Poland) bassist Flavio&hellip;\t\t\t<\/div>\n\t\t\t<\/div><\/article><\/div><div class=\"obfx-grid-wrapper\"><article class=\"obfx-grid-col obfx-no-image\"><div class=\"obfx-grid-col-content\">\t\t\t<h2 class=\"entry-title obfx-grid-title\">\n\t\t\t\t\t\t\t<a href=\"https:\/\/thebeatfreaks.pl\/index.php\/2025\/02\/28\/le-soir\/\" title=\"Le Soir\">\n\t\t\t\t\tLe Soir\t\t\t\t<\/a>\n\t\t\t\t\t\t\t<\/h2>\n\t\t\t\t\t\t\t<div class=\"entry-meta obfx-grid-meta\">\n\n\t\t\t\t\t\t\t\t\t\t\t\t\t<span class=\"obfx-grid-author\">\n\t\t\t\t\t\t\t\t\t<i class=\"fas fa-user\"><\/i>admin\t\t\t\t\t\t\t\t<\/span>\n\t\t\t\t\t\t\t\t\t\t\t\t\t\t\t\t<span class=\"obfx-grid-date\">\n\t\t\t\t\t\t\t\t\t<i class=\"fas fa-calendar\"><\/i>02\/28\/2025\t\t\t\t\t\t\t\t<\/span>\n\t\t\t\t\t\t\t\t\n\t\t\t\t<\/div>\n\t\t\t\t\t\t\t<div class=\"entry-content obfx-grid-content\">\n\t\t\t\tBeat Freaks to zesp\u00f3\u0142 za\u0142o\u017cony w Szczecinie, w Polsce. W 2014 roku gitarzysta Michael Starkiewicz zaprosi\u0142 do wsp\u00f3\u0142pracy Tomasza Licaka (saksofon tenorowy), Falbio Gullott\u0119 (kontrabas) oraz Radka Wo\u015bko (perkusja). Maj\u0105&hellip;\t\t\t<\/div>\n\t\t\t<\/div><\/article><\/div><div class=\"obfx-grid-wrapper\"><article class=\"obfx-grid-col obfx-no-image\"><div class=\"obfx-grid-col-content\">\t\t\t<h2 class=\"entry-title obfx-grid-title\">\n\t\t\t\t\t\t\t<a href=\"https:\/\/thebeatfreaks.pl\/index.php\/2025\/02\/28\/jazz-fun-de\/\" title=\"Jazz-Fun.de\">\n\t\t\t\t\tJazz-Fun.de\t\t\t\t<\/a>\n\t\t\t\t\t\t\t<\/h2>\n\t\t\t\t\t\t\t<div class=\"entry-meta obfx-grid-meta\">\n\n\t\t\t\t\t\t\t\t\t\t\t\t\t<span class=\"obfx-grid-author\">\n\t\t\t\t\t\t\t\t\t<i class=\"fas fa-user\"><\/i>admin\t\t\t\t\t\t\t\t<\/span>\n\t\t\t\t\t\t\t\t\t\t\t\t\t\t\t\t<span class=\"obfx-grid-date\">\n\t\t\t\t\t\t\t\t\t<i class=\"fas fa-calendar\"><\/i>02\/28\/2025\t\t\t\t\t\t\t\t<\/span>\n\t\t\t\t\t\t\t\t\n\t\t\t\t<\/div>\n\t\t\t\t\t\t\t<div class=\"entry-content obfx-grid-content\">\n\t\t\t\tW jazzie nie ma nic lepszego ni\u017c zbiorowa improwizacja grana przez do\u015bwiadczonych muzyk\u00f3w, kt\u00f3rzy doskonale si\u0119 rozumiej\u0105. Tak w\u0142a\u015bnie jest w przypadku tego albumu. Nawet skomponowane utwory daj\u0105 ka\u017cdemu cz\u0142onkowi&hellip;\t\t\t<\/div>\n\t\t\t<\/div><\/article><\/div><div class=\"obfx-grid-wrapper\"><article class=\"obfx-grid-col obfx-no-image\"><div class=\"obfx-grid-col-content\">\t\t\t<h2 class=\"entry-title obfx-grid-title\">\n\t\t\t\t\t\t\t<a href=\"https:\/\/thebeatfreaks.pl\/index.php\/2025\/02\/28\/polska-plyta-polska-muzyka\/\" title=\"Polska P\u0142yta Polska Muzyka\">\n\t\t\t\t\tPolska P\u0142yta Polska Muzyka\t\t\t\t<\/a>\n\t\t\t\t\t\t\t<\/h2>\n\t\t\t\t\t\t\t<div class=\"entry-meta obfx-grid-meta\">\n\n\t\t\t\t\t\t\t\t\t\t\t\t\t<span class=\"obfx-grid-author\">\n\t\t\t\t\t\t\t\t\t<i class=\"fas fa-user\"><\/i>admin\t\t\t\t\t\t\t\t<\/span>\n\t\t\t\t\t\t\t\t\t\t\t\t\t\t\t\t<span class=\"obfx-grid-date\">\n\t\t\t\t\t\t\t\t\t<i class=\"fas fa-calendar\"><\/i>02\/28\/2025\t\t\t\t\t\t\t\t<\/span>\n\t\t\t\t\t\t\t\t\n\t\t\t\t<\/div>\n\t\t\t\t\t\t\t<div class=\"entry-content obfx-grid-content\">\n\t\t\t\t\u201eMechanics of Nature\u201d to trzeci studyjny album The Beat Freaks z udzia\u0142em ameryka\u0144skiego tr\u0119bacza Ralpha Alessi. Poni\u017cej mo\u017cna znale\u017a\u0107 nasz\u0105 recenzj\u0119 tego niezwykle ciekawego wydarzenia. Recenzja p\u0142yty \u201cMechanics of Nature\u201d&hellip;\t\t\t<\/div>\n\t\t\t<\/div><\/article><\/div><\/div><!-- .obfx-grid-container --><\/div><!-- .obfx-grid -->\t\t\t\t<\/div>\n\t\t\t\t<\/div>\n\t\t\t\t\t<\/div>\n\t\t<\/div>\n\t\t\t\t\t<\/div>\n\t\t<\/section>\n\t\t\t\t\t<\/div>\n\t\t<\/div>\n\t\t\t\t\t<\/div>\n\t\t<\/section>\n\t\t\t\t<\/div>\n\t\t","protected":false},"excerpt":{"rendered":"<p>MECHANICS OF NATURE (2024) LEON (2016) STAY CALM (2019) ZAMOYSKI (2018) UK Vibe admin 02\/27\/2023 \u2018Stay Calm\u2019 is the new album release by Polish jazz quartet, The Beat Freaks. Initially &hellip; <\/p>\n<p class=\"link-more\"><a href=\"https:\/\/thebeatfreaks.pl\/index.php\/2025\/02\/28\/polska-plyta-polska-muzyka\/\" class=\"more-link\">Read more<span class=\"screen-reader-text\"> &#8222;Polska P\u0142yta Polska Muzyka&#8221;<\/span><\/a><\/p>\n","protected":false},"author":1,"featured_media":14635,"parent":0,"menu_order":0,"comment_status":"closed","ping_status":"closed","template":"page-templates\/full-width-builder-bb.php","meta":{"ngg_post_thumbnail":0,"footnotes":""},"class_list":["post-67","page","type-page","status-publish","has-post-thumbnail","hentry"],"jetpack-related-posts":[],"jetpack_sharing_enabled":true,"_links":{"self":[{"href":"https:\/\/thebeatfreaks.pl\/index.php\/wp-json\/wp\/v2\/pages\/67","targetHints":{"allow":["GET"]}}],"collection":[{"href":"https:\/\/thebeatfreaks.pl\/index.php\/wp-json\/wp\/v2\/pages"}],"about":[{"href":"https:\/\/thebeatfreaks.pl\/index.php\/wp-json\/wp\/v2\/types\/page"}],"author":[{"embeddable":true,"href":"https:\/\/thebeatfreaks.pl\/index.php\/wp-json\/wp\/v2\/users\/1"}],"replies":[{"embeddable":true,"href":"https:\/\/thebeatfreaks.pl\/index.php\/wp-json\/wp\/v2\/comments?post=67"}],"version-history":[{"count":53,"href":"https:\/\/thebeatfreaks.pl\/index.php\/wp-json\/wp\/v2\/pages\/67\/revisions"}],"predecessor-version":[{"id":14650,"href":"https:\/\/thebeatfreaks.pl\/index.php\/wp-json\/wp\/v2\/pages\/67\/revisions\/14650"}],"wp:featuredmedia":[{"embeddable":true,"href":"https:\/\/thebeatfreaks.pl\/index.php\/wp-json\/wp\/v2\/media\/14635"}],"wp:attachment":[{"href":"https:\/\/thebeatfreaks.pl\/index.php\/wp-json\/wp\/v2\/media?parent=67"}],"curies":[{"name":"wp","href":"https:\/\/api.w.org\/{rel}","templated":true}]}}